{"id":19,"date":"2024-04-02T22:50:08","date_gmt":"2024-04-02T20:50:08","guid":{"rendered":"https:\/\/studioinvisible.fr\/?page_id=19"},"modified":"2024-04-02T22:56:09","modified_gmt":"2024-04-02T20:56:09","slug":"lequipe","status":"publish","type":"page","link":"https:\/\/studioinvisible.fr\/?page_id=19","title":{"rendered":"L&#8217;\u00c9quipe"},"content":{"rendered":"\n<figure class=\"wp-block-image size-large\"><img loading=\"lazy\" decoding=\"async\" width=\"1024\" height=\"979\" src=\"https:\/\/studioinvisible.fr\/wp-content\/uploads\/2024\/04\/7256749e-90ef-4199-8f03-a10f9eb7e3e1-1024x979.jpg\" alt=\"\" class=\"wp-image-22\" srcset=\"https:\/\/studioinvisible.fr\/wp-content\/uploads\/2024\/04\/7256749e-90ef-4199-8f03-a10f9eb7e3e1-1024x979.jpg 1024w, https:\/\/studioinvisible.fr\/wp-content\/uploads\/2024\/04\/7256749e-90ef-4199-8f03-a10f9eb7e3e1-300x287.jpg 300w, https:\/\/studioinvisible.fr\/wp-content\/uploads\/2024\/04\/7256749e-90ef-4199-8f03-a10f9eb7e3e1-768x734.jpg 768w, https:\/\/studioinvisible.fr\/wp-content\/uploads\/2024\/04\/7256749e-90ef-4199-8f03-a10f9eb7e3e1.jpg 1450w\" sizes=\"auto, (max-width: 1024px) 100vw, 1024px\" \/><\/figure>\n\n\n\n<p>Alexandre Babeanu est r\u00e9alisateur sonore et musicien. Form\u00e9 comme ing\u00e9nieur du son, il travaille pour le cin\u00e9ma et la t\u00e9l\u00e9vision. Apr\u00e8s la sortie de son premier\u2019EP \u00b4Nonchalance\u2019 en 2018, il signe la r\u00e9alisation et la musique originale de plusieurs podcasts documentaires, pour le m\u00e9morial de la Shoah (la voix des t\u00e9moins, Il y a 80 ans, 1942) et Paradiso ( D\u00e9fense de filmer, Tu ne te tairas point).<\/p>\n\n\n\n<p>L\u00e9a Veinstein est auteure de r\u00e9cits et de documentaires. Apr\u00e8s une th\u00e8se de philosophie, elle se dirige vers la radio (travaillant pour Les Pieds sur terre ou Une vie une \u0153uvre sur France Culture) puis signe des podcasts pour Arte Radio (La Radio de Papa et, plus r\u00e9cemment, Dalida et moi). Son premier livre, Isaac, une enqu\u00eate familiale autour du silence qui a suivi la Shoah en France, para\u00eet chez Grasset en 2019. Depuis l\u2019\u00e9criture de ce livre, elle s\u2019int\u00e9resse au t\u00e9moignage, \u00e0 la m\u00e9moire et \u00e0 la transmission. Le M\u00e9morial de la Shoah \u00e0 Paris lui confie en 2021 une vaste exposition intitul\u00e9e \u00ab La voix des t\u00e9moins \u00bb.<\/p>\n\n\n\n<p>En 2022, elle \u00e9crit pour l\u2019INA le podcast<\/p>\n\n\n\n<p>\u00ab Simone Veil, seul l\u2019espoir apaise la douleur \u00bb, qui se poursuit d\u00e9sormais sous la forme d\u2019une collection, et en 2023, les six \u00e9pisodes de la premi\u00e8re saison de \u00ab \u00c0 la trace \u00bb. Elle publiera en mars 2024 J\u2019irai chercher Kafka. Une enqu\u00eate litt\u00e9raire, aux \u00e9ditions Flammarion<\/p>\n","protected":false},"excerpt":{"rendered":"<p>Alexandre Babeanu est r\u00e9alisateur sonore et musicien. Form\u00e9 comme ing\u00e9nieur du son, il travaille pour le cin\u00e9ma et la t\u00e9l\u00e9vision. Apr\u00e8s la sortie de son premier\u2019EP \u00b4Nonchalance\u2019 en 2018, il signe la r\u00e9alisation et la musique originale de plusieurs podcasts documentaires, pour le m\u00e9morial de la Shoah (la voix des t\u00e9moins, Il y a 80 [&hellip;]<\/p>\n","protected":false},"author":1,"featured_media":0,"parent":0,"menu_order":0,"comment_status":"closed","ping_status":"closed","template":"","meta":{"om_disable_all_campaigns":false,"_monsterinsights_skip_tracking":false,"_monsterinsights_sitenote_active":false,"_monsterinsights_sitenote_note":"","_monsterinsights_sitenote_category":0,"footnotes":""},"class_list":["post-19","page","type-page","status-publish","hentry"],"aioseo_notices":[],"jetpack_sharing_enabled":true,"_links":{"self":[{"href":"https:\/\/studioinvisible.fr\/index.php?rest_route=\/wp\/v2\/pages\/19","targetHints":{"allow":["GET"]}}],"collection":[{"href":"https:\/\/studioinvisible.fr\/index.php?rest_route=\/wp\/v2\/pages"}],"about":[{"href":"https:\/\/studioinvisible.fr\/index.php?rest_route=\/wp\/v2\/types\/page"}],"author":[{"embeddable":true,"href":"https:\/\/studioinvisible.fr\/index.php?rest_route=\/wp\/v2\/users\/1"}],"replies":[{"embeddable":true,"href":"https:\/\/studioinvisible.fr\/index.php?rest_route=%2Fwp%2Fv2%2Fcomments&post=19"}],"version-history":[{"count":2,"href":"https:\/\/studioinvisible.fr\/index.php?rest_route=\/wp\/v2\/pages\/19\/revisions"}],"predecessor-version":[{"id":23,"href":"https:\/\/studioinvisible.fr\/index.php?rest_route=\/wp\/v2\/pages\/19\/revisions\/23"}],"wp:attachment":[{"href":"https:\/\/studioinvisible.fr\/index.php?rest_route=%2Fwp%2Fv2%2Fmedia&parent=19"}],"curies":[{"name":"wp","href":"https:\/\/api.w.org\/{rel}","templated":true}]}}